{"id":9,"date":"2024-07-22T14:38:22","date_gmt":"2024-07-22T14:38:22","guid":{"rendered":"http:\/\/www.tphuolto.fi\/TP\/?page_id=9"},"modified":"2024-10-19T17:05:40","modified_gmt":"2024-10-19T17:05:40","slug":"main","status":"publish","type":"page","link":"https:\/\/www.tphuolto.fi\/TP\/main\/","title":{"rendered":"Kiinteist\u00f6huolto"},"content":{"rendered":"\n<figure class=\"wp-block-image size-full is-resized\"><img loading=\"lazy\" decoding=\"async\" width=\"480\" height=\"135\" src=\"http:\/\/www.tphuolto.fi\/TP\/wp-content\/uploads\/2024\/08\/LOGO.jpg\" alt=\"\" class=\"wp-image-224\" style=\"width:309px;height:auto\"\/><\/figure>\n\n\n\n<figure class=\"wp-block-image aligncenter size-full is-resized\"><img loading=\"lazy\" decoding=\"async\" width=\"198\" height=\"87\" src=\"http:\/\/www.tphuolto.fi\/TP\/wp-content\/uploads\/2024\/10\/image.png\" alt=\"\" class=\"wp-image-452\" style=\"width:123px;height:auto\"\/><\/figure>\n\n\n\n<p><\/p>\n\n\n\n<figure class=\"wp-block-image alignright size-full is-resized\"><img loading=\"lazy\" decoding=\"async\" width=\"660\" height=\"350\" src=\"http:\/\/www.tphuolto.fi\/TP\/wp-content\/uploads\/2024\/08\/kiinteistohuolto2.jpg\" alt=\"\" class=\"wp-image-60\" style=\"width:392px;height:auto\"\/><\/figure>\n\n\n\n<h3 class=\"wp-block-heading\"><mark style=\"background-color:rgba(0, 0, 0, 0)\" class=\"has-inline-color has-black-color\"><strong>Kiinteist\u00f6huoltoa Orimattilassa<\/strong><\/mark><\/h3>\n\n\n\n<p><mark style=\"background-color:rgba(0, 0, 0, 0)\" class=\"has-inline-color has-black-color\">Tuohenmaa Palvelut Oy tarjoaa alan palvelut asiantuntemuksella, ammattitaidolla ja kokemuksella. Asiakaskuntamme koostuu seudun taloyhti\u00f6ist\u00e4. Lis\u00e4ksi teemme yhteisty\u00f6t\u00e4 monien paikallisten is\u00e4nn\u00f6itsij\u00f6iden kanssa.<\/mark><\/p>\n\n\n\n<p><\/p>\n\n\n\n<h3 class=\"wp-block-heading\"><mark style=\"background-color:rgba(0, 0, 0, 0)\" class=\"has-inline-color has-black-color\">Monipuolinen palveluvalikoima<\/mark><\/h3>\n\n\n\n<p><mark style=\"background-color:rgba(0, 0, 0, 0)\" class=\"has-inline-color has-black-color\">Haluamme tarjota asiakkaillemme mahdollisimman monipuolisen palveluvalikoiman. <br>Kiinteist\u00f6huollon pariin kuuluvat esimerkiksi erilaiset pihaty\u00f6t ja auraukset sek\u00e4 pienet korjaukset sis\u00e4ll\u00e4 ja ulkona.<br>Voimme huolehtia my\u00f6s kiinteist\u00f6siivouksista sek\u00e4 j\u00e4tehuollosta.<\/mark><\/p>\n\n\n\n<p><strong><mark style=\"background-color:rgba(0, 0, 0, 0)\" class=\"has-inline-color has-vivid-red-color\">P\u00e4ivyst\u00e4mme aina 24\/7 -periaatteella. <\/mark><\/strong><\/p>\n\n\n\n<p><\/p>\n\n\n\n<h3 class=\"wp-block-heading\"><mark style=\"background-color:rgba(0, 0, 0, 0)\" class=\"has-inline-color has-black-color\">Asiantuntija valmiina palvelemaan<\/mark><\/h3>\n\n\n\n<p><mark style=\"background-color:rgba(0, 0, 0, 0)\" class=\"has-inline-color has-black-color\">Jos tarvitset akuuttia p\u00e4ivystyst\u00e4, luotettavaa kiinteist\u00f6huoltoalan palvelua tai olet kiinnostunut kysym\u00e4\u00e4n lis\u00e4\u00e4, <a href=\"http:\/\/www.tphuolto.fi\/TP\/ota-yhteytta\/\">ota rohkeasti yhteytt\u00e4<\/a>. Vastaamme mielell\u00e4mme kaikkiin mahdollisiin kysymyksiin.<\/mark><\/p>\n\n\n\n<p><\/p>\n\n\n\n<p><\/p>\n","protected":false},"excerpt":{"rendered":"<p>Kiinteist\u00f6huoltoa Orimattilassa Tuohenmaa Palvelut Oy tarjoaa alan palvelut asiantuntemuksella, ammattitaidolla ja kokemuksella. Asiakaskuntamme koostuu seudun taloyhti\u00f6ist\u00e4. Lis\u00e4ksi teemme yhteisty\u00f6t\u00e4 monien paikallisten is\u00e4nn\u00f6itsij\u00f6iden kanssa. Monipuolinen palveluvalikoima Haluamme tarjota asiakkaillemme mahdollisimman monipuolisen palveluvalikoiman. Kiinteist\u00f6huollon pariin kuuluvat esimerkiksi erilaiset pihaty\u00f6t ja auraukset sek\u00e4 pienet korjaukset sis\u00e4ll\u00e4 ja ulkona.Voimme huolehtia my\u00f6s kiinteist\u00f6siivouksista sek\u00e4 j\u00e4tehuollosta. P\u00e4ivyst\u00e4mme aina 24\/7 -periaatteella. Asiantuntija [&hellip;]<\/p>\n","protected":false},"author":1,"featured_media":224,"parent":0,"menu_order":0,"comment_status":"closed","ping_status":"closed","template":"","meta":{"_et_pb_use_builder":"off","_et_pb_old_content":"<!-- wp:buttons -->\n<div class=\"wp-block-buttons\"><!-- wp:button {\"textAlign\":\"center\",\"className\":\"is-style-fill\"} -->\n<div class=\"wp-block-button is-style-fill\"><a class=\"wp-block-button__link has-text-align-center wp-element-button\" href=\"https:\/\/forms.tarmopro.com\/fi\/6af492f4-4129-4053-b9e5-3d925c036b20\/maintenance-request\"><mark style=\"background-color:rgba(0, 0, 0, 0)\" class=\"has-inline-color has-white-color\"><strong>VIKAILMOITUS<\/strong><\/mark><\/a><\/div>\n<!-- \/wp:button --><\/div>\n<!-- \/wp:buttons -->\n\n<!-- wp:paragraph -->\n<p><\/p>\n<!-- \/wp:paragraph -->\n\n<!-- wp:heading {\"level\":4} -->\n<h4 class=\"wp-block-heading\"><strong>P\u00e4ivystys 24h<\/strong><\/h4>\n<!-- \/wp:heading -->\n\n<!-- wp:heading {\"level\":4} -->\n<h4 class=\"wp-block-heading\">Aki Tuohenmaa 0400 840 932<\/h4>\n<!-- \/wp:heading -->\n\n<!-- wp:paragraph -->\n<p><\/p>\n<!-- \/wp:paragraph -->\n\n<!-- wp:paragraph -->\n<p><\/p>\n<!-- \/wp:paragraph -->","_et_gb_content_width":"795","footnotes":""},"class_list":["post-9","page","type-page","status-publish","has-post-thumbnail","hentry"],"_links":{"self":[{"href":"https:\/\/www.tphuolto.fi\/TP\/wp-json\/wp\/v2\/pages\/9","targetHints":{"allow":["GET"]}}],"collection":[{"href":"https:\/\/www.tphuolto.fi\/TP\/wp-json\/wp\/v2\/pages"}],"about":[{"href":"https:\/\/www.tphuolto.fi\/TP\/wp-json\/wp\/v2\/types\/page"}],"author":[{"embeddable":true,"href":"https:\/\/www.tphuolto.fi\/TP\/wp-json\/wp\/v2\/users\/1"}],"replies":[{"embeddable":true,"href":"https:\/\/www.tphuolto.fi\/TP\/wp-json\/wp\/v2\/comments?post=9"}],"version-history":[{"count":89,"href":"https:\/\/www.tphuolto.fi\/TP\/wp-json\/wp\/v2\/pages\/9\/revisions"}],"predecessor-version":[{"id":453,"href":"https:\/\/www.tphuolto.fi\/TP\/wp-json\/wp\/v2\/pages\/9\/revisions\/453"}],"wp:featuredmedia":[{"embeddable":true,"href":"https:\/\/www.tphuolto.fi\/TP\/wp-json\/wp\/v2\/media\/224"}],"wp:attachment":[{"href":"https:\/\/www.tphuolto.fi\/TP\/wp-json\/wp\/v2\/media?parent=9"}],"curies":[{"name":"wp","href":"https:\/\/api.w.org\/{rel}","templated":true}]}}