{"id":207,"date":"2024-08-24T08:20:11","date_gmt":"2024-08-24T08:20:11","guid":{"rendered":"http:\/\/www.tphuolto.fi\/TP\/?page_id=207"},"modified":"2024-10-19T17:06:12","modified_gmt":"2024-10-19T17:06:12","slug":"kiinteistosiivoukset","status":"publish","type":"page","link":"https:\/\/www.tphuolto.fi\/TP\/kiinteistosiivoukset\/","title":{"rendered":"Kiinteist\u00f6siivoukset"},"content":{"rendered":"\n<figure class=\"wp-block-image size-full is-resized\"><img loading=\"lazy\" decoding=\"async\" width=\"480\" height=\"135\" src=\"http:\/\/www.tphuolto.fi\/TP\/wp-content\/uploads\/2024\/08\/LOGO.jpg\" alt=\"\" class=\"wp-image-224\" style=\"width:320px;height:auto\"\/><\/figure>\n\n\n\n<figure class=\"wp-block-image aligncenter size-full is-resized\"><img loading=\"lazy\" decoding=\"async\" width=\"198\" height=\"87\" src=\"http:\/\/www.tphuolto.fi\/TP\/wp-content\/uploads\/2024\/10\/image.png\" alt=\"\" class=\"wp-image-452\" style=\"width:122px;height:auto\"\/><\/figure>\n\n\n\n<figure class=\"wp-block-image alignright size-full is-resized\"><img loading=\"lazy\" decoding=\"async\" width=\"1200\" height=\"721\" src=\"http:\/\/www.tphuolto.fi\/TP\/wp-content\/uploads\/2024\/08\/Kuva3.jpg\" alt=\"\" class=\"wp-image-147\" style=\"width:308px;height:auto\"\/><\/figure>\n\n\n\n<h2 class=\"wp-block-heading\"><mark style=\"background-color:rgba(0, 0, 0, 0)\" class=\"has-inline-color has-black-color\">Kiinteist\u00f6siivouksia Orimattilassa&nbsp;<\/mark><\/h2>\n\n\n\n<p><mark style=\"background-color:rgba(0, 0, 0, 0)\" class=\"has-inline-color has-black-color\">Tuohenmaa Palvelut Oy suorittaa kiinteist\u00f6siivoukset asiakkailleen nopeasti, joustavasti ja tehokkaasti. <\/mark><br><mark style=\"background-color:rgba(0, 0, 0, 0)\" class=\"has-inline-color has-black-color\">Jos taloyhti\u00f6nne kaipaa luotettavaa siivouspalvelua, saatte sit\u00e4 meilt\u00e4!<\/mark><\/p>\n\n\n\n<h3 class=\"wp-block-heading has-medium-font-size\"><mark style=\"background-color:rgba(0, 0, 0, 0)\" class=\"has-inline-color has-black-color\">Puhtaudesta tinkim\u00e4tt\u00e4 &#8211; ota yhteytt\u00e4!<\/mark><\/h3>\n\n\n\n<p><mark style=\"background-color:rgba(0, 0, 0, 0)\" class=\"has-inline-color has-black-color\">Kiinteist\u00f6siivoukset kannattaa aina teett\u00e4\u00e4 kokeneella ammattilaisella, sill\u00e4 n\u00e4in voidaan varmistua korkeatasoisesta ty\u00f6nj\u00e4ljest\u00e4 ja t\u00e4t\u00e4 kautta asiakastyytyv\u00e4isyydest\u00e4. Tuohenmaa Palvelut Oy huolehtii kiinteist\u00f6jen puhtaudesta laadusta tinkim\u00e4tt\u00e4. Jos kiinnostuit,<\/mark>&nbsp;<a href=\"http:\/\/www.tphuolto.fi\/TP\/ota-yhteytta\/\">ota rohkeasti yhteytt\u00e4<\/a> <mark style=\"background-color:rgba(0, 0, 0, 0)\" class=\"has-inline-color has-black-color\">ja kysy lis\u00e4\u00e4.<\/mark><\/p>\n\n\n\n<p><\/p>\n\n\n\n<p><\/p>\n","protected":false},"excerpt":{"rendered":"<p>Kiinteist\u00f6siivouksia Orimattilassa&nbsp; Tuohenmaa Palvelut Oy suorittaa kiinteist\u00f6siivoukset asiakkailleen nopeasti, joustavasti ja tehokkaasti. Jos taloyhti\u00f6nne kaipaa luotettavaa siivouspalvelua, saatte sit\u00e4 meilt\u00e4! Puhtaudesta tinkim\u00e4tt\u00e4 &#8211; ota yhteytt\u00e4! Kiinteist\u00f6siivoukset kannattaa aina teett\u00e4\u00e4 kokeneella ammattilaisella, sill\u00e4 n\u00e4in voidaan varmistua korkeatasoisesta ty\u00f6nj\u00e4ljest\u00e4 ja t\u00e4t\u00e4 kautta asiakastyytyv\u00e4isyydest\u00e4. Tuohenmaa Palvelut Oy huolehtii kiinteist\u00f6jen puhtaudesta laadusta tinkim\u00e4tt\u00e4. Jos kiinnostuit,&nbsp;ota rohkeasti yhteytt\u00e4 ja kysy [&hellip;]<\/p>\n","protected":false},"author":1,"featured_media":224,"parent":0,"menu_order":0,"comment_status":"closed","ping_status":"closed","template":"","meta":{"_et_pb_use_builder":"off","_et_pb_old_content":"","_et_gb_content_width":"","footnotes":""},"class_list":["post-207","page","type-page","status-publish","has-post-thumbnail","hentry"],"_links":{"self":[{"href":"https:\/\/www.tphuolto.fi\/TP\/wp-json\/wp\/v2\/pages\/207","targetHints":{"allow":["GET"]}}],"collection":[{"href":"https:\/\/www.tphuolto.fi\/TP\/wp-json\/wp\/v2\/pages"}],"about":[{"href":"https:\/\/www.tphuolto.fi\/TP\/wp-json\/wp\/v2\/types\/page"}],"author":[{"embeddable":true,"href":"https:\/\/www.tphuolto.fi\/TP\/wp-json\/wp\/v2\/users\/1"}],"replies":[{"embeddable":true,"href":"https:\/\/www.tphuolto.fi\/TP\/wp-json\/wp\/v2\/comments?post=207"}],"version-history":[{"count":23,"href":"https:\/\/www.tphuolto.fi\/TP\/wp-json\/wp\/v2\/pages\/207\/revisions"}],"predecessor-version":[{"id":454,"href":"https:\/\/www.tphuolto.fi\/TP\/wp-json\/wp\/v2\/pages\/207\/revisions\/454"}],"wp:featuredmedia":[{"embeddable":true,"href":"https:\/\/www.tphuolto.fi\/TP\/wp-json\/wp\/v2\/media\/224"}],"wp:attachment":[{"href":"https:\/\/www.tphuolto.fi\/TP\/wp-json\/wp\/v2\/media?parent=207"}],"curies":[{"name":"wp","href":"https:\/\/api.w.org\/{rel}","templated":true}]}}