{"id":162,"date":"2024-08-23T22:19:40","date_gmt":"2024-08-23T22:19:40","guid":{"rendered":"http:\/\/www.tphuolto.fi\/TP\/?page_id=162"},"modified":"2024-08-28T20:21:09","modified_gmt":"2024-08-28T20:21:09","slug":"ota-yhteytta","status":"publish","type":"page","link":"https:\/\/www.tphuolto.fi\/TP\/ota-yhteytta\/","title":{"rendered":"Ota yhteytt\u00e4"},"content":{"rendered":"\n<figure class=\"wp-block-image size-full is-resized\"><img loading=\"lazy\" decoding=\"async\" width=\"480\" height=\"135\" src=\"http:\/\/www.tphuolto.fi\/TP\/wp-content\/uploads\/2024\/08\/LOGO.jpg\" alt=\"\" class=\"wp-image-224\" style=\"width:316px;height:auto\"\/><\/figure>\n\n\n\n<h1 class=\"wp-block-heading\"><\/h1>\n\n\n\n<p><mark style=\"background-color:rgba(0, 0, 0, 0)\" class=\"has-inline-color has-black-color\">Jos tarvitset luotettavaa, ammattitaitoista ja kokenutta kiinteist\u00f6nhoitopalvelua Orimattilan alueella, on Tuohenmaa Palvelut Oy varma valinta. <\/mark><\/p>\n\n\n\n<p><strong><mark style=\"background-color:rgba(0, 0, 0, 0)\" class=\"has-inline-color has-black-color\">Ota yhteytt\u00e4: <\/mark><\/strong><br><strong><a href=\"mailto:aki.tuohenmaa@tphuolto.fi\">aki.tuohenmaa@tphuolto.fi<\/a> <\/strong><mark style=\"background-color:rgba(0, 0, 0, 0)\" class=\"has-inline-color has-black-color\">tai<strong> <\/strong>puhelimitse 0400 840 932<\/mark>.<\/p>\n\n\n\n<p><\/p>\n\n\n\n<p><mark style=\"background-color:rgba(0, 0, 0, 0)\" class=\"has-inline-color has-black-color\">Halutessasi voit l\u00e4hett\u00e4\u00e4 meille viestin tai yhteydenottopyynn\u00f6n my\u00f6s oheisella lomakkeella.<\/mark><\/p>\n\n\n\n<h4 class=\"wp-block-heading\"><br><mark style=\"background-color:rgba(0, 0, 0, 0)\" class=\"has-inline-color has-vivid-red-color\">Yhteydenottopyynt\u00f6<\/mark><\/h4>\n\n\n\n<p><\/p>\n\n\n\n<div class=\"wpcf7 no-js\" id=\"wpcf7-f397-o1\" lang=\"fi\" dir=\"ltr\" data-wpcf7-id=\"397\">\n<div class=\"screen-reader-response\"><p role=\"status\" aria-live=\"polite\" aria-atomic=\"true\"><\/p> <ul><\/ul><\/div>\n<form action=\"\/TP\/wp-json\/wp\/v2\/pages\/162#wpcf7-f397-o1\" method=\"post\" class=\"wpcf7-form init\" aria-label=\"Yhteydenottolomake\" novalidate=\"novalidate\" data-status=\"init\">\n<fieldset class=\"hidden-fields-container\"><input type=\"hidden\" name=\"_wpcf7\" value=\"397\" \/><input type=\"hidden\" name=\"_wpcf7_version\" value=\"6.1.5\" \/><input type=\"hidden\" name=\"_wpcf7_locale\" value=\"fi\" \/><input type=\"hidden\" name=\"_wpcf7_unit_tag\" value=\"wpcf7-f397-o1\" \/><input type=\"hidden\" name=\"_wpcf7_container_post\" value=\"0\" \/><input type=\"hidden\" name=\"_wpcf7_posted_data_hash\" value=\"\" \/><input type=\"hidden\" name=\"_wpcf7_recaptcha_response\" value=\"\" \/>\n<\/fieldset>\n<p><label> Nimi (pakollinen)<br \/>\n<span class=\"wpcf7-form-control-wrap\" data-name=\"your-name\"><input size=\"40\" maxlength=\"400\" class=\"wpcf7-form-control wpcf7-text wpcf7-validates-as-required\" aria-required=\"true\" aria-invalid=\"false\" value=\"\" type=\"text\" name=\"your-name\" \/><\/span> <\/label>\n<\/p>\n<p><label> Puhelin (pakollinen)<br \/>\n<span class=\"wpcf7-form-control-wrap\" data-name=\"your-subject\"><input size=\"40\" maxlength=\"400\" class=\"wpcf7-form-control wpcf7-text wpcf7-validates-as-required\" aria-required=\"true\" aria-invalid=\"false\" value=\"\" type=\"text\" name=\"your-subject\" \/><\/span> <\/label>\n<\/p>\n<p><label> S\u00e4hk\u00f6posti (pakollinen)<br \/>\n<span class=\"wpcf7-form-control-wrap\" data-name=\"your-email\"><input size=\"40\" maxlength=\"400\" class=\"wpcf7-form-control wpcf7-email wpcf7-validates-as-required wpcf7-text wpcf7-validates-as-email\" aria-required=\"true\" aria-invalid=\"false\" value=\"\" type=\"email\" name=\"your-email\" \/><\/span> <\/label>\n<\/p>\n<p><label> Viesti (valinnainen)<br \/>\n<span class=\"wpcf7-form-control-wrap\" data-name=\"your-message\"><textarea cols=\"40\" rows=\"10\" maxlength=\"2000\" class=\"wpcf7-form-control wpcf7-textarea\" aria-invalid=\"false\" name=\"your-message\"><\/textarea><\/span> <\/label>\n<\/p>\n<p><label> Toivon yhteydenottoa<br \/>\n<span class=\"wpcf7-form-control-wrap\" data-name=\"checkbox-595\"><span class=\"wpcf7-form-control wpcf7-checkbox wpcf7-validates-as-required\"><span class=\"wpcf7-list-item first\"><input type=\"checkbox\" name=\"checkbox-595[]\" value=\"S\u00e4hk\u00f6postitse\" \/><span class=\"wpcf7-list-item-label\">S\u00e4hk\u00f6postitse<\/span><\/span><span class=\"wpcf7-list-item last\"><input type=\"checkbox\" name=\"checkbox-595[]\" value=\"Puhelimitse\" \/><span class=\"wpcf7-list-item-label\">Puhelimitse<\/span><\/span><\/span><\/span> <\/label>\n<\/p>\n<p><label> Minulle saa jatkossa l\u00e4hett\u00e4\u00e4 tarjouksia ja informaatiota<br \/>\n<span class=\"wpcf7-form-control-wrap\" data-name=\"checkbox-645\"><span class=\"wpcf7-form-control wpcf7-checkbox\"><span class=\"wpcf7-list-item first\"><input type=\"checkbox\" name=\"checkbox-645[]\" value=\"S\u00e4hk\u00f6postitse\" \/><span class=\"wpcf7-list-item-label\">S\u00e4hk\u00f6postitse<\/span><\/span><span class=\"wpcf7-list-item last\"><input type=\"checkbox\" name=\"checkbox-645[]\" value=\"Tekstiviestitse\" \/><span class=\"wpcf7-list-item-label\">Tekstiviestitse<\/span><\/span><\/span><\/span> <\/label>\n<\/p>\n<p><input class=\"wpcf7-form-control wpcf7-submit has-spinner\" type=\"submit\" value=\"L\u00c4HET\u00c4 LOMAKE\" \/>\n<\/p><div class=\"wpcf7-response-output\" aria-hidden=\"true\"><\/div>\n<\/form>\n<\/div>\n\n\n\n\n<p><\/p>\n\n\n\n<p><\/p>\n\n\n\n<p><\/p>\n\n\n\n<h4 class=\"wp-block-heading\"><strong><a href=\"https:\/\/forms.tarmopro.com\/fi\/6af492f4-4129-4053-b9e5-3d925c036b20\/maintenance-request\"><mark style=\"background-color:#0693e3\" class=\"has-inline-color has-white-color\">Vikailmoitus<\/mark><\/a><\/strong><\/h4>\n\n\n\n<p><\/p>\n\n\n\n<p><\/p>\n\n\n\n<p><\/p>\n\n\n\n<p><\/p>\n","protected":false},"excerpt":{"rendered":"<p>Jos tarvitset luotettavaa, ammattitaitoista ja kokenutta kiinteist\u00f6nhoitopalvelua Orimattilan alueella, on Tuohenmaa Palvelut Oy varma valinta. Ota yhteytt\u00e4: aki.tuohenmaa@tphuolto.fi tai puhelimitse 0400 840 932. Halutessasi voit l\u00e4hett\u00e4\u00e4 meille viestin tai yhteydenottopyynn\u00f6n my\u00f6s oheisella lomakkeella. Yhteydenottopyynt\u00f6 Vikailmoitus<\/p>\n","protected":false},"author":1,"featured_media":224,"parent":0,"menu_order":0,"comment_status":"closed","ping_status":"closed","template":"","meta":{"_et_pb_use_builder":"","_et_pb_old_content":"","_et_gb_content_width":"","footnotes":""},"class_list":["post-162","page","type-page","status-publish","has-post-thumbnail","hentry"],"_links":{"self":[{"href":"https:\/\/www.tphuolto.fi\/TP\/wp-json\/wp\/v2\/pages\/162","targetHints":{"allow":["GET"]}}],"collection":[{"href":"https:\/\/www.tphuolto.fi\/TP\/wp-json\/wp\/v2\/pages"}],"about":[{"href":"https:\/\/www.tphuolto.fi\/TP\/wp-json\/wp\/v2\/types\/page"}],"author":[{"embeddable":true,"href":"https:\/\/www.tphuolto.fi\/TP\/wp-json\/wp\/v2\/users\/1"}],"replies":[{"embeddable":true,"href":"https:\/\/www.tphuolto.fi\/TP\/wp-json\/wp\/v2\/comments?post=162"}],"version-history":[{"count":74,"href":"https:\/\/www.tphuolto.fi\/TP\/wp-json\/wp\/v2\/pages\/162\/revisions"}],"predecessor-version":[{"id":439,"href":"https:\/\/www.tphuolto.fi\/TP\/wp-json\/wp\/v2\/pages\/162\/revisions\/439"}],"wp:featuredmedia":[{"embeddable":true,"href":"https:\/\/www.tphuolto.fi\/TP\/wp-json\/wp\/v2\/media\/224"}],"wp:attachment":[{"href":"https:\/\/www.tphuolto.fi\/TP\/wp-json\/wp\/v2\/media?parent=162"}],"curies":[{"name":"wp","href":"https:\/\/api.w.org\/{rel}","templated":true}]}}