{"id":152,"date":"2024-08-23T22:05:29","date_gmt":"2024-08-23T22:05:29","guid":{"rendered":"http:\/\/www.tphuolto.fi\/TP\/?page_id=152"},"modified":"2024-10-19T17:07:08","modified_gmt":"2024-10-19T17:07:08","slug":"ulkoalueiden-hoito","status":"publish","type":"page","link":"https:\/\/www.tphuolto.fi\/TP\/ulkoalueiden-hoito\/","title":{"rendered":"Ulkoalueiden hoito"},"content":{"rendered":"\n<figure class=\"wp-block-image size-full is-resized\"><img loading=\"lazy\" decoding=\"async\" width=\"480\" height=\"135\" src=\"http:\/\/www.tphuolto.fi\/TP\/wp-content\/uploads\/2024\/08\/LOGO.jpg\" alt=\"\" class=\"wp-image-224\" style=\"width:327px;height:auto\"\/><\/figure>\n\n\n\n<figure class=\"wp-block-image aligncenter size-full is-resized\"><img loading=\"lazy\" decoding=\"async\" width=\"198\" height=\"87\" src=\"http:\/\/www.tphuolto.fi\/TP\/wp-content\/uploads\/2024\/10\/image.png\" alt=\"\" class=\"wp-image-452\" style=\"width:124px;height:auto\"\/><\/figure>\n\n\n\n<figure class=\"wp-block-image alignright size-large is-resized\"><img loading=\"lazy\" decoding=\"async\" width=\"1024\" height=\"683\" src=\"http:\/\/www.tphuolto.fi\/TP\/wp-content\/uploads\/2024\/08\/Kuva5-1024x683.jpg\" alt=\"\" class=\"wp-image-199\" style=\"width:438px;height:auto\"\/><\/figure>\n\n\n\n<h3 class=\"wp-block-heading\"><mark style=\"background-color:rgba(0, 0, 0, 0)\" class=\"has-inline-color has-black-color\">Ulkoalueiden hoitoa Orimattilassa<\/mark><\/h3>\n\n\n\n<p class=\"has-text-align-left\"><mark style=\"background-color:rgba(0, 0, 0, 0)\" class=\"has-inline-color has-black-color\">Kaipaako taloyhti\u00f6nne osaavaa ulkoalueiden hoitoa? <\/mark><br><mark style=\"background-color:rgba(0, 0, 0, 0)\" class=\"has-inline-color has-black-color\">Pihojen ja muiden ulkoalueiden kunnossapito sek\u00e4 hoito sis\u00e4ltyv\u00e4t olennaisena osana Tuohenmaa Palvelut Oy:n palveluvalikoimaan. <\/mark><br><mark style=\"background-color:rgba(0, 0, 0, 0)\" class=\"has-inline-color has-black-color\">J\u00e4t\u00e4mme j\u00e4lkeemme siistit ja hoidetut piha-alueet, kerta toisensa j\u00e4lkeen &#8211; se jos jokin on hyv\u00e4n palvelun merkki!<\/mark><\/p>\n\n\n\n<h3 class=\"wp-block-heading\"><mark style=\"background-color:rgba(0, 0, 0, 0)\" class=\"has-inline-color has-black-color\">Aurauspalvelua<\/mark><\/h3>\n\n\n\n<p><mark style=\"background-color:rgba(0, 0, 0, 0)\" class=\"has-inline-color has-black-color\">Kun talven lumipeitteet ovat laskeutuneet ja isot kinokset vallanneet piha-alueet, tarjoamme tehokasta aurauspalvelua tiell\u00e4 ja parkkialueilla olevien nietosten poistamiseksi. Aurauskalustomme avulla lumenluonti tapahtuu nopeasti ja k\u00e4tev\u00e4sti. Helppoa ja vaivatonta, eik\u00f6 totta?<\/mark><\/p>\n\n\n\n<h4 class=\"wp-block-heading\"><mark style=\"background-color:rgba(0, 0, 0, 0)\" class=\"has-inline-color has-black-color\">Kiinnostuitko? Ota yhteytt\u00e4!<\/mark><\/h4>\n\n\n\n<p><mark style=\"background-color:rgba(0, 0, 0, 0)\" class=\"has-inline-color has-black-color\">Jos ammattitaidolla ja kokemuksella tapahtuva ulkoalueiden hoito her\u00e4tti mielenkiintosi,&nbsp;<a href=\"http:\/\/www.tphuolto.fi\/TP\/ota-yhteytta\/\">ota rohkeasti yhteytt\u00e4<\/a>&nbsp;Orimattilassa sijaitsevaan Tuohenmaa Palvelut Oy:n asiakaspalveluun.<\/mark><\/p>\n\n\n\n<p><\/p>\n\n\n\n<p><\/p>\n","protected":false},"excerpt":{"rendered":"<p>Ulkoalueiden hoitoa Orimattilassa Kaipaako taloyhti\u00f6nne osaavaa ulkoalueiden hoitoa? Pihojen ja muiden ulkoalueiden kunnossapito sek\u00e4 hoito sis\u00e4ltyv\u00e4t olennaisena osana Tuohenmaa Palvelut Oy:n palveluvalikoimaan. J\u00e4t\u00e4mme j\u00e4lkeemme siistit ja hoidetut piha-alueet, kerta toisensa j\u00e4lkeen &#8211; se jos jokin on hyv\u00e4n palvelun merkki! Aurauspalvelua Kun talven lumipeitteet ovat laskeutuneet ja isot kinokset vallanneet piha-alueet, tarjoamme tehokasta aurauspalvelua tiell\u00e4 ja [&hellip;]<\/p>\n","protected":false},"author":1,"featured_media":224,"parent":0,"menu_order":0,"comment_status":"closed","ping_status":"closed","template":"","meta":{"_et_pb_use_builder":"off","_et_pb_old_content":"","_et_gb_content_width":"","footnotes":""},"class_list":["post-152","page","type-page","status-publish","has-post-thumbnail","hentry"],"_links":{"self":[{"href":"https:\/\/www.tphuolto.fi\/TP\/wp-json\/wp\/v2\/pages\/152","targetHints":{"allow":["GET"]}}],"collection":[{"href":"https:\/\/www.tphuolto.fi\/TP\/wp-json\/wp\/v2\/pages"}],"about":[{"href":"https:\/\/www.tphuolto.fi\/TP\/wp-json\/wp\/v2\/types\/page"}],"author":[{"embeddable":true,"href":"https:\/\/www.tphuolto.fi\/TP\/wp-json\/wp\/v2\/users\/1"}],"replies":[{"embeddable":true,"href":"https:\/\/www.tphuolto.fi\/TP\/wp-json\/wp\/v2\/comments?post=152"}],"version-history":[{"count":29,"href":"https:\/\/www.tphuolto.fi\/TP\/wp-json\/wp\/v2\/pages\/152\/revisions"}],"predecessor-version":[{"id":455,"href":"https:\/\/www.tphuolto.fi\/TP\/wp-json\/wp\/v2\/pages\/152\/revisions\/455"}],"wp:featuredmedia":[{"embeddable":true,"href":"https:\/\/www.tphuolto.fi\/TP\/wp-json\/wp\/v2\/media\/224"}],"wp:attachment":[{"href":"https:\/\/www.tphuolto.fi\/TP\/wp-json\/wp\/v2\/media?parent=152"}],"curies":[{"name":"wp","href":"https:\/\/api.w.org\/{rel}","templated":true}]}}